{"id":14971,"date":"2026-02-10T11:36:24","date_gmt":"2026-02-10T10:36:24","guid":{"rendered":"https:\/\/www.irfap.org\/4600sa-cesion-material-vegetal\/"},"modified":"2026-03-03T11:08:15","modified_gmt":"2026-03-03T10:08:15","slug":"4600sa-cesion-material-vegetal","status":"publish","type":"page","link":"https:\/\/www.irfap.org\/es\/4600sa-cesion-material-vegetal\/","title":{"rendered":"4600SA &#8211; Cesi\u00f3n Material Vegetal"},"content":{"rendered":"<div class=\"wpb-content-wrapper\">[vc_row css_animation=&#8221;fadeInUp&#8221; css=&#8221;.vc_custom_1733748914439{margin-bottom: 20px !important;}&#8221;][vc_column]<figure class=\"vcex-image vcex-module\"><div class=\"vcex-image-inner wpex-relative wpex-inline-block vc_custom_1771833947651\"><img width=\"1600\" height=\"342\" src=\"https:\/\/www.irfap.org\/wp-content\/uploads\/2026\/02\/cesio-mat.jpg\" class=\"vcex-image-img wpex-align-middle\" alt=\"\" loading=\"lazy\" decoding=\"async\" srcset=\"https:\/\/www.irfap.org\/wp-content\/uploads\/2026\/02\/cesio-mat.jpg 1600w, https:\/\/www.irfap.org\/wp-content\/uploads\/2026\/02\/cesio-mat-300x64.jpg 300w, https:\/\/www.irfap.org\/wp-content\/uploads\/2026\/02\/cesio-mat-1024x219.jpg 1024w, https:\/\/www.irfap.org\/wp-content\/uploads\/2026\/02\/cesio-mat-768x164.jpg 768w, https:\/\/www.irfap.org\/wp-content\/uploads\/2026\/02\/cesio-mat-1536x328.jpg 1536w\" sizes=\"auto, (max-width: 1600px) 100vw, 1600px\" \/><\/div><\/figure>[vc_column_text css=&#8221;.vc_custom_1771329844909{margin-top: 50px !important;margin-bottom: 50px !important;}&#8221;]\n<h1>Cesi\u00f3n de material vegetal<\/h1>\n[\/vc_column_text][\/vc_column][\/vc_row][vc_row css_animation=&#8221;fadeInUp&#8221; css=&#8221;.vc_custom_1737026418161{margin-bottom: 25px !important;}&#8221;][vc_column][vc_column_text css=&#8221;.vc_custom_1737629351338{margin-bottom: 50px !important;}&#8221;]Procedimiento de acceso a los Recursos Fitogen\u00e9ticos para la Agricultura y la Alimentaci\u00f3n (cesi\u00f3n de material vegetal de multiplicaci\u00f3n vegetativa)<\/p>\n<p>El Real Decreto 429\/2020, de 3 de marzo, por el cual se aprueba el Reglamento sobre acceso a los recursos fitogen\u00e9ticos para la agricultura y la alimentaci\u00f3n y a los cultivados para uso con otras finalidades, y se modifican diversos reales decretos en materia de productos vegetales, establece el procedimiento de acceso a los recursos fitogen\u00e9ticos por parte de los agricultores para el cultivo en su propia explotaci\u00f3n.<\/p>\n<p>Este decreto, faculta a las colecciones de recursos fitogen\u00e9ticos y, por tanto, al Institut de Recerca i Formaci\u00f3 Agroaliment\u00e0ria i Pesquera de les Illes Balears, a ceder peque\u00f1as cantidades de estos recursos a campesinos, con la finalidad de cultivarlas en la propia explotaci\u00f3n.<\/p>\n<p>Por ello, de acuerdo con la normativa vigente, el IRFAP pone a disposici\u00f3n del sector aquellas variedades que se conservan en el Banco de Germoplasma de Illes Balears.<\/p>\n<p>De acuerdo con la normativa vigente, el IRFAP pone a disposici\u00f3n del sector aquellas variedades de frutales que se conservan en el Banco de Germoplasma de Illes Balears.<\/p>\n<p>La solicitud de material debe de ajustarse al calendario de cesi\u00f3n de gemas indicado y registrarse por alguno de los medios de registro autorizados por la CAIB.<\/p>\n<p>En el caso de las personas jur\u00eddicas, ser\u00e1 obligatorio presentarla por registro telem\u00e1tico de instancia general de la CAIB, adjuntando la solicitud de material debidamente rellenada y firmada por el representante de la entidad.[\/vc_column_text][vc_column_text css=&#8221;.vc_custom_1768474539094{margin-bottom: 50px !important;}&#8221;]<img decoding=\"async\" src=\"https:\/\/www.caib.es\/sites\/irfap\/ca\/models_de_sollicitud-701\/imgs\/archivos_prev\/pdf.gif\" alt=\"03P_CAT_Sol_analisi_aigua.pdf\" data-wp-editing=\"1\"><strong>  <a href=\"https:\/\/www.irfap.org\/wp-content\/uploads\/2026\/01\/2300RE-06PSol_material_vegetal_CAT.pdf\">Solicitud de cesi\u00f3n de material vegetal CAT <\/a>\/ <a href=\"https:\/\/www.irfap.org\/wp-content\/uploads\/2026\/01\/2300RE-06PSol_material_vegetal_CAST-1.pdf\">CAST<\/a><\/strong>[\/vc_column_text]<style>.vcex-image.vcex_69e88f7a5918d .vcex-image-inner{max-width:500px;}<\/style><figure class=\"vcex-image vcex-module wpex-text-center vcex_69e88f7a5918d\"><div class=\"vcex-image-inner wpex-relative wpex-inline-block vc_custom_1737631641697\"><a href=\"https:\/\/www.caib.es\/seucaib\/ca\/200\/persones\/tramites\/tramite\/4213695\" target=\"_blank\" rel=\"noopener noreferrer\"><img width=\"1080\" height=\"292\" src=\"https:\/\/www.irfap.org\/wp-content\/uploads\/2024\/10\/SA-_-Acces-a-tramit-telematic-CAT.jpg\" class=\"vcex-image-img wpex-align-middle\" alt=\"\" loading=\"lazy\" decoding=\"async\" srcset=\"https:\/\/www.irfap.org\/wp-content\/uploads\/2024\/10\/SA-_-Acces-a-tramit-telematic-CAT.jpg 1080w, https:\/\/www.irfap.org\/wp-content\/uploads\/2024\/10\/SA-_-Acces-a-tramit-telematic-CAT-300x81.jpg 300w, https:\/\/www.irfap.org\/wp-content\/uploads\/2024\/10\/SA-_-Acces-a-tramit-telematic-CAT-1024x277.jpg 1024w, https:\/\/www.irfap.org\/wp-content\/uploads\/2024\/10\/SA-_-Acces-a-tramit-telematic-CAT-768x208.jpg 768w\" sizes=\"auto, (max-width: 1080px) 100vw, 1080px\" \/><\/a><\/div><\/figure>[vc_column_text css=&#8221;.vc_custom_1737628177567{margin-bottom: 0px !important;padding-top: 50px !important;}&#8221; bottom_margin=&#8221;0px&#8221;]En los datos indicados de entrega de material, se contactar\u00e1 con el solicitante para la recogida de material en la sede del IRFAP (C\/ Eusebi Estada, 145. 07009 Palma).<\/p>\n<p style=\"text-align: center;\"><strong>Calendario de cesi\u00f3n de gemas<\/strong><\/p>\n[\/vc_column_text][\/vc_column][\/vc_row][vc_row css_animation=&#8221;fadeInUp&#8221; content_placement=&#8221;middle&#8221; css=&#8221;.vc_custom_1731008029090{margin-bottom: 15px !important;padding-top: 5px !important;padding-right: 5px !important;padding-bottom: 5px !important;padding-left: 5px !important;background-color: #d8d6ce !important;border-radius: 5px !important;}&#8221;][vc_column width=&#8221;1\/3&#8243;][vc_column_text css=&#8221;&#8221;]\n<p style=\"text-align: center;\">Cultivo<\/p>\n[\/vc_column_text][\/vc_column][vc_column width=&#8221;1\/3&#8243;][vc_column_text css=&#8221;&#8221;]\n<p style=\"text-align: center;\">Solicitudes<\/p>\n[\/vc_column_text][\/vc_column][vc_column width=&#8221;1\/3&#8243;][vc_column_text css=&#8221;&#8221;]\n<p style=\"text-align: center;\">Entrega de material<\/p>\n[\/vc_column_text][\/vc_column][\/vc_row][vc_row css_animation=&#8221;fadeInUp&#8221; css=&#8221;.vc_custom_1716904320393{margin-bottom: 15px !important;border-bottom-width: 1px !important;padding-top: 15px !important;padding-bottom: 15px !important;border-bottom-style: s\u00f2lid !important;border-color: #8c8c8c !important;}&#8221; el_class=&#8221;table-border-bottom&#8221;][vc_column width=&#8221;1\/3&#8243;][vc_column_text css=&#8221;&#8221;]\n<p style=\"text-align: center;\">Vi\u00f1a, almendro y fruta dulce<\/p>\n[\/vc_column_text][\/vc_column][vc_column width=&#8221;1\/3&#8243;][vc_column_text css=&#8221;&#8221;]\n<p style=\"text-align: center;\">Del 1 de noviembre al 31 de diciembre<\/p>\n[\/vc_column_text][\/vc_column][vc_column width=&#8221;1\/3&#8243;][vc_column_text css=&#8221;&#8221;]\n<p style=\"text-align: center;\">Del 1 de enero al 29 de febrero<\/p>\n[\/vc_column_text][\/vc_column][\/vc_row][vc_row css_animation=&#8221;fadeInUp&#8221; css=&#8221;.vc_custom_1731330661758{margin-bottom: 0px !important;border-bottom-width: 1px !important;padding-top: 15px !important;padding-bottom: 15px !important;border-bottom-style: s\u00f2lid !important;border-color: #8c8c8c !important;}&#8221; el_class=&#8221;table-border-bottom&#8221;][vc_column width=&#8221;1\/3&#8243;][vc_column_text css=&#8221;.vc_custom_1732177257393{margin-bottom: 0px !important;}&#8221;]\n<p style=\"text-align: center;\">Algarrobo y naranjo<\/p>\n[\/vc_column_text][\/vc_column][vc_column width=&#8221;1\/3&#8243;][vc_column_text css=&#8221;.vc_custom_1732177267560{margin-bottom: 0px !important;}&#8221;]\n<p style=\"text-align: center;\">Del 1 de marzo al 30 de abril<\/p>\n[\/vc_column_text][\/vc_column][vc_column width=&#8221;1\/3&#8243;][vc_column_text css=&#8221;.vc_custom_1732177278769{margin-bottom: 0px !important;}&#8221;]\n<p style=\"text-align: center;\">Del 1 de mayo al 30 de junio<\/p>\n[\/vc_column_text][\/vc_column][\/vc_row][vc_row][vc_column][vc_column_text css=&#8221;.vc_custom_1732177355624{margin-top: 25px !important;margin-bottom: 15px !important;}&#8221;]\n<p style=\"text-align: center;\"><strong>Cultivos disponibles<\/strong>: vi\u00f1a, almendro, algarrobo, naranjo, cerezo, albaricoque, ciruela y manzano<\/p>\n[\/vc_column_text][\/vc_column][\/vc_row]\n<\/div>","protected":false},"excerpt":{"rendered":"<p>[vc_row css_animation=&#8221;fadeInUp&#8221; css=&#8221;.vc_custom_1733748914439{margin-bottom: 20px !important;}&#8221;][vc_column][vc_column_text css=&#8221;.vc_custom_1771329844909{margin-top: 50px !important;margin-bottom: 50px !important;}&#8221;] Cesi\u00f3n de material vegetal [\/vc_column_text][\/vc_column][\/vc_row][vc_row css_animation=&#8221;fadeInUp&#8221; css=&#8221;.vc_custom_1737026418161{margin-bottom: 25px !important;}&#8221;][vc_column][vc_column_text css=&#8221;.vc_custom_1737629351338{margin-bottom:&hellip;<\/p>\n","protected":false},"author":14,"featured_media":0,"parent":0,"menu_order":0,"comment_status":"closed","ping_status":"closed","template":"","meta":{"inline_featured_image":false,"footnotes":""},"class_list":["post-14971","page","type-page","status-publish","hentry","entry","no-media"],"yoast_head":"<!-- This site is optimized with the Yoast SEO plugin v27.0 - https:\/\/yoast.com\/product\/yoast-seo-wordpress\/ -->\n<title>4600SA - Cesi\u00f3n Material Vegetal - IRFAP<\/title>\n<meta name=\"robots\" content=\"index, follow, max-snippet:-1, max-image-preview:large, max-video-preview:-1\" \/>\n<link rel=\"canonical\" href=\"https:\/\/www.irfap.org\/es\/4600sa-cesion-material-vegetal\/\" \/>\n<meta property=\"og:locale\" content=\"es_ES\" \/>\n<meta property=\"og:type\" content=\"article\" \/>\n<meta property=\"og:title\" content=\"4600SA - Cesi\u00f3n Material Vegetal - IRFAP\" \/>\n<meta property=\"og:description\" content=\"[vc_row css_animation=&#8221;fadeInUp&#8221; css=&#8221;.vc_custom_1733748914439{margin-bottom: 20px !important;}&#8221;][vc_column][vc_column_text css=&#8221;.vc_custom_1771329844909{margin-top: 50px !important;margin-bottom: 50px !important;}&#8221;] Cesi\u00f3n de material vegetal [\/vc_column_text][\/vc_column][\/vc_row][vc_row css_animation=&#8221;fadeInUp&#8221; css=&#8221;.vc_custom_1737026418161{margin-bottom: 25px !important;}&#8221;][vc_column][vc_column_text css=&#8221;.vc_custom_1737629351338{margin-bottom:&hellip;\" \/>\n<meta property=\"og:url\" content=\"https:\/\/www.irfap.org\/es\/4600sa-cesion-material-vegetal\/\" \/>\n<meta property=\"og:site_name\" content=\"IRFAP\" \/>\n<meta property=\"article:modified_time\" content=\"2026-03-03T10:08:15+00:00\" \/>\n<meta property=\"og:image\" content=\"https:\/\/www.caib.es\/sites\/irfap\/ca\/models_de_sollicitud-701\/imgs\/archivos_prev\/pdf.gif\" \/>\n<meta name=\"twitter:card\" content=\"summary_large_image\" \/>\n<meta name=\"twitter:label1\" content=\"Tiempo de lectura\" \/>\n\t<meta name=\"twitter:data1\" content=\"4 minutes\" \/>\n<script type=\"application\/ld+json\" class=\"yoast-schema-graph\">{\"@context\":\"https:\/\/schema.org\",\"@graph\":[{\"@type\":\"WebPage\",\"@id\":\"https:\/\/www.irfap.org\/es\/4600sa-cesion-material-vegetal\/\",\"url\":\"https:\/\/www.irfap.org\/es\/4600sa-cesion-material-vegetal\/\",\"name\":\"4600SA - Cesi\u00f3n Material Vegetal - IRFAP\",\"isPartOf\":{\"@id\":\"https:\/\/www.irfap.org\/#website\"},\"primaryImageOfPage\":{\"@id\":\"https:\/\/www.irfap.org\/es\/4600sa-cesion-material-vegetal\/#primaryimage\"},\"image\":{\"@id\":\"https:\/\/www.irfap.org\/es\/4600sa-cesion-material-vegetal\/#primaryimage\"},\"thumbnailUrl\":\"https:\/\/www.caib.es\/sites\/irfap\/ca\/models_de_sollicitud-701\/imgs\/archivos_prev\/pdf.gif\",\"datePublished\":\"2026-02-10T10:36:24+00:00\",\"dateModified\":\"2026-03-03T10:08:15+00:00\",\"breadcrumb\":{\"@id\":\"https:\/\/www.irfap.org\/es\/4600sa-cesion-material-vegetal\/#breadcrumb\"},\"inLanguage\":\"es-ES\",\"potentialAction\":[{\"@type\":\"ReadAction\",\"target\":[\"https:\/\/www.irfap.org\/es\/4600sa-cesion-material-vegetal\/\"]}]},{\"@type\":\"ImageObject\",\"inLanguage\":\"es-ES\",\"@id\":\"https:\/\/www.irfap.org\/es\/4600sa-cesion-material-vegetal\/#primaryimage\",\"url\":\"https:\/\/www.caib.es\/sites\/irfap\/ca\/models_de_sollicitud-701\/imgs\/archivos_prev\/pdf.gif\",\"contentUrl\":\"https:\/\/www.caib.es\/sites\/irfap\/ca\/models_de_sollicitud-701\/imgs\/archivos_prev\/pdf.gif\"},{\"@type\":\"BreadcrumbList\",\"@id\":\"https:\/\/www.irfap.org\/es\/4600sa-cesion-material-vegetal\/#breadcrumb\",\"itemListElement\":[{\"@type\":\"ListItem\",\"position\":1,\"name\":\"Home\",\"item\":\"https:\/\/www.irfap.org\/es\/irfap\/\"},{\"@type\":\"ListItem\",\"position\":2,\"name\":\"4600SA &#8211; Cesi\u00f3n Material Vegetal\"}]},{\"@type\":\"WebSite\",\"@id\":\"https:\/\/www.irfap.org\/#website\",\"url\":\"https:\/\/www.irfap.org\/\",\"name\":\"IRFAP\",\"description\":\"\",\"publisher\":{\"@id\":\"https:\/\/www.irfap.org\/#organization\"},\"potentialAction\":[{\"@type\":\"SearchAction\",\"target\":{\"@type\":\"EntryPoint\",\"urlTemplate\":\"https:\/\/www.irfap.org\/?s={search_term_string}\"},\"query-input\":{\"@type\":\"PropertyValueSpecification\",\"valueRequired\":true,\"valueName\":\"search_term_string\"}}],\"inLanguage\":\"es-ES\"},{\"@type\":\"Organization\",\"@id\":\"https:\/\/www.irfap.org\/#organization\",\"name\":\"IRFAP\",\"url\":\"https:\/\/www.irfap.org\/\",\"logo\":{\"@type\":\"ImageObject\",\"inLanguage\":\"es-ES\",\"@id\":\"https:\/\/www.irfap.org\/#\/schema\/logo\/image\/\",\"url\":\"https:\/\/www.irfap.org\/wp-content\/uploads\/2024\/10\/irfap-icon.png\",\"contentUrl\":\"https:\/\/www.irfap.org\/wp-content\/uploads\/2024\/10\/irfap-icon.png\",\"width\":512,\"height\":512,\"caption\":\"IRFAP\"},\"image\":{\"@id\":\"https:\/\/www.irfap.org\/#\/schema\/logo\/image\/\"}}]}<\/script>\n<!-- \/ Yoast SEO plugin. -->","yoast_head_json":{"title":"4600SA - Cesi\u00f3n Material Vegetal - IRFAP","robots":{"index":"index","follow":"follow","max-snippet":"max-snippet:-1","max-image-preview":"max-image-preview:large","max-video-preview":"max-video-preview:-1"},"canonical":"https:\/\/www.irfap.org\/es\/4600sa-cesion-material-vegetal\/","og_locale":"es_ES","og_type":"article","og_title":"4600SA - Cesi\u00f3n Material Vegetal - IRFAP","og_description":"[vc_row css_animation=&#8221;fadeInUp&#8221; css=&#8221;.vc_custom_1733748914439{margin-bottom: 20px !important;}&#8221;][vc_column][vc_column_text css=&#8221;.vc_custom_1771329844909{margin-top: 50px !important;margin-bottom: 50px !important;}&#8221;] Cesi\u00f3n de material vegetal [\/vc_column_text][\/vc_column][\/vc_row][vc_row css_animation=&#8221;fadeInUp&#8221; css=&#8221;.vc_custom_1737026418161{margin-bottom: 25px !important;}&#8221;][vc_column][vc_column_text css=&#8221;.vc_custom_1737629351338{margin-bottom:&hellip;","og_url":"https:\/\/www.irfap.org\/es\/4600sa-cesion-material-vegetal\/","og_site_name":"IRFAP","article_modified_time":"2026-03-03T10:08:15+00:00","og_image":[{"url":"https:\/\/www.caib.es\/sites\/irfap\/ca\/models_de_sollicitud-701\/imgs\/archivos_prev\/pdf.gif","type":"","width":"","height":""}],"twitter_card":"summary_large_image","twitter_misc":{"Tiempo de lectura":"4 minutes"},"schema":{"@context":"https:\/\/schema.org","@graph":[{"@type":"WebPage","@id":"https:\/\/www.irfap.org\/es\/4600sa-cesion-material-vegetal\/","url":"https:\/\/www.irfap.org\/es\/4600sa-cesion-material-vegetal\/","name":"4600SA - Cesi\u00f3n Material Vegetal - IRFAP","isPartOf":{"@id":"https:\/\/www.irfap.org\/#website"},"primaryImageOfPage":{"@id":"https:\/\/www.irfap.org\/es\/4600sa-cesion-material-vegetal\/#primaryimage"},"image":{"@id":"https:\/\/www.irfap.org\/es\/4600sa-cesion-material-vegetal\/#primaryimage"},"thumbnailUrl":"https:\/\/www.caib.es\/sites\/irfap\/ca\/models_de_sollicitud-701\/imgs\/archivos_prev\/pdf.gif","datePublished":"2026-02-10T10:36:24+00:00","dateModified":"2026-03-03T10:08:15+00:00","breadcrumb":{"@id":"https:\/\/www.irfap.org\/es\/4600sa-cesion-material-vegetal\/#breadcrumb"},"inLanguage":"es-ES","potentialAction":[{"@type":"ReadAction","target":["https:\/\/www.irfap.org\/es\/4600sa-cesion-material-vegetal\/"]}]},{"@type":"ImageObject","inLanguage":"es-ES","@id":"https:\/\/www.irfap.org\/es\/4600sa-cesion-material-vegetal\/#primaryimage","url":"https:\/\/www.caib.es\/sites\/irfap\/ca\/models_de_sollicitud-701\/imgs\/archivos_prev\/pdf.gif","contentUrl":"https:\/\/www.caib.es\/sites\/irfap\/ca\/models_de_sollicitud-701\/imgs\/archivos_prev\/pdf.gif"},{"@type":"BreadcrumbList","@id":"https:\/\/www.irfap.org\/es\/4600sa-cesion-material-vegetal\/#breadcrumb","itemListElement":[{"@type":"ListItem","position":1,"name":"Home","item":"https:\/\/www.irfap.org\/es\/irfap\/"},{"@type":"ListItem","position":2,"name":"4600SA &#8211; Cesi\u00f3n Material Vegetal"}]},{"@type":"WebSite","@id":"https:\/\/www.irfap.org\/#website","url":"https:\/\/www.irfap.org\/","name":"IRFAP","description":"","publisher":{"@id":"https:\/\/www.irfap.org\/#organization"},"potentialAction":[{"@type":"SearchAction","target":{"@type":"EntryPoint","urlTemplate":"https:\/\/www.irfap.org\/?s={search_term_string}"},"query-input":{"@type":"PropertyValueSpecification","valueRequired":true,"valueName":"search_term_string"}}],"inLanguage":"es-ES"},{"@type":"Organization","@id":"https:\/\/www.irfap.org\/#organization","name":"IRFAP","url":"https:\/\/www.irfap.org\/","logo":{"@type":"ImageObject","inLanguage":"es-ES","@id":"https:\/\/www.irfap.org\/#\/schema\/logo\/image\/","url":"https:\/\/www.irfap.org\/wp-content\/uploads\/2024\/10\/irfap-icon.png","contentUrl":"https:\/\/www.irfap.org\/wp-content\/uploads\/2024\/10\/irfap-icon.png","width":512,"height":512,"caption":"IRFAP"},"image":{"@id":"https:\/\/www.irfap.org\/#\/schema\/logo\/image\/"}}]}},"_links":{"self":[{"href":"https:\/\/www.irfap.org\/es\/wp-json\/wp\/v2\/pages\/14971","targetHints":{"allow":["GET"]}}],"collection":[{"href":"https:\/\/www.irfap.org\/es\/wp-json\/wp\/v2\/pages"}],"about":[{"href":"https:\/\/www.irfap.org\/es\/wp-json\/wp\/v2\/types\/page"}],"author":[{"embeddable":true,"href":"https:\/\/www.irfap.org\/es\/wp-json\/wp\/v2\/users\/14"}],"replies":[{"embeddable":true,"href":"https:\/\/www.irfap.org\/es\/wp-json\/wp\/v2\/comments?post=14971"}],"version-history":[{"count":11,"href":"https:\/\/www.irfap.org\/es\/wp-json\/wp\/v2\/pages\/14971\/revisions"}],"predecessor-version":[{"id":16820,"href":"https:\/\/www.irfap.org\/es\/wp-json\/wp\/v2\/pages\/14971\/revisions\/16820"}],"wp:attachment":[{"href":"https:\/\/www.irfap.org\/es\/wp-json\/wp\/v2\/media?parent=14971"}],"curies":[{"name":"wp","href":"https:\/\/api.w.org\/{rel}","templated":true}]}}