{"id":3997,"date":"2024-04-22T17:10:04","date_gmt":"2024-04-22T15:10:04","guid":{"rendered":"https:\/\/www.irfap.org\/fo-otros-cursos-de-formacion\/"},"modified":"2026-01-21T13:01:09","modified_gmt":"2026-01-21T12:01:09","slug":"fo-otros-cursos-de-formacion","status":"publish","type":"page","link":"https:\/\/www.irfap.org\/es\/fo-otros-cursos-de-formacion\/","title":{"rendered":"1200FO &#8211; Otros cursos de formaci\u00f3n"},"content":{"rendered":"<div class=\"wpb-content-wrapper\">[vc_section css=&#8221;.vc_custom_1729096736219{padding-top: 75px !important;padding-bottom: 75px !important;}&#8221; el_id=&#8221;altres-cursos-formacio&#8221;][vc_row][vc_column]<figure class=\"vcex-image vcex-module\"><div class=\"vcex-image-inner wpex-relative wpex-inline-block vc_custom_1754302435869\"><img width=\"1688\" height=\"341\" src=\"https:\/\/www.irfap.org\/wp-content\/uploads\/2025\/08\/1200FO-IMG-Capcalera.jpg\" class=\"vcex-image-img wpex-align-middle\" alt=\"\" loading=\"lazy\" decoding=\"async\" srcset=\"https:\/\/www.irfap.org\/wp-content\/uploads\/2025\/08\/1200FO-IMG-Capcalera.jpg 1688w, https:\/\/www.irfap.org\/wp-content\/uploads\/2025\/08\/1200FO-IMG-Capcalera-300x61.jpg 300w, https:\/\/www.irfap.org\/wp-content\/uploads\/2025\/08\/1200FO-IMG-Capcalera-1024x207.jpg 1024w, https:\/\/www.irfap.org\/wp-content\/uploads\/2025\/08\/1200FO-IMG-Capcalera-768x155.jpg 768w, https:\/\/www.irfap.org\/wp-content\/uploads\/2025\/08\/1200FO-IMG-Capcalera-1536x310.jpg 1536w\" sizes=\"auto, (max-width: 1688px) 100vw, 1688px\" \/><\/div><\/figure>[vc_column_text css=&#8221;.vc_custom_1754304730271{margin-bottom: 50px !important;}&#8221;]\n<h1>OTROS CURSOS DE FORMACI\u00d3N<\/h1>\n[\/vc_column_text][vc_column_text css=&#8221;.vc_custom_1749112304492{margin-bottom: 25px !important;}&#8221;]En esta p\u00e1gina ofrecemos los contactos de aquellas organizaciones y entidades de las Baleares que tambi\u00e9n organizan cursos de formaci\u00f3n. Las tem\u00e1ticas que se ofrecen son del \u00e1mbito agrario, agroalimentario y pesquero y son similares a las que ofrece el IRFAP, pero las localizaciones, la duraci\u00f3n y los horarios son diferentes. Las fechas y horarios de los cursos y actividades formativas que se realizan han de consultarse en la entidad organizadora correspondiente.  <\/p>\n<p>Las entidades que imparten cursos de formaci\u00f3n son las siguientes:<\/p>\n<ul>\n<li><a href=\"#unio\">Uni\u00f3 de Pagesos de Mallorca<\/a><\/li>\n<li>UPA-AIA (no hay datos de contacto)<\/li>\n<li><a href=\"#asaja\">ASAJA BALEARES<\/a><\/li>\n<li><a href=\"#apaema\">APAEMA (Associaci\u00f3 de la Producci\u00f3 Agr\u00e0ria Ecol\u00f2gica de Mallorca)<\/a><\/li>\n<li>UCABAL (Uni\u00f3 de Cooperatives Agr\u00e0ries de Balears) (no hay datos de contacto)<\/li>\n<li><a href=\"#varietatslocals\">Associaci\u00f3 de Varietats Locals<\/a><\/li>\n<li>Uni\u00f3 de Pagesos de Menorca (no hay datos de contacto)<\/li>\n<li><a href=\"#agrame\">AGRAME<\/a><\/li>\n<li><a href=\"#apaef\">APAEF (Associaci\u00f3 de la Producci\u00f3 Agr\u00e0ria Ecol\u00f2gica d&#8217;Eivissa i Formentera)<\/a><\/li>\n<li>Consell de Formentera (no hay datos de contacto)<\/li>\n<li><a href=\"#ies\">IES Felanitx<\/a><\/li>\n<\/ul>\n[\/vc_column_text][\/vc_column][\/vc_row][\/vc_section][vc_row][vc_column][vc_column_text css=&#8221;.vc_custom_1764315865976{margin-bottom: 50px !important;padding-top: 20px !important;padding-right: 20px !important;padding-bottom: 20px !important;padding-left: 20px !important;background-color: #dedede !important;}&#8221; el_id=&#8221;unio&#8221;]\n<h2>UNI\u00d3 DE PAGESOS DE MALLORCA<\/h2>\n<p>&nbsp;<\/p>\n<p>UNI\u00d3 DE PAGESOS DE MALLORCA ofrece cursos de formaci\u00f3n para el a\u00f1o acad\u00e9mico 2025-2026.<\/p>\n<p>Persona de contacto: Joan Miquel Ferragut<\/p>\n<p>Tel\u00e9fono de contacto: 685 104 544<\/p>\n<p>Direcci\u00f3n de correo electr\u00f3nico: formacioupm01@gmail.com<\/p>\n<p>Adre\u00e7a web: <a href=\"https:\/\/www.uniopagesosmallorca.com\/formaci%C3%B3\">https:\/\/www.uniopagesosmallorca.com\/formaci%C3%B3<\/a>[\/vc_column_text][\/vc_column][\/vc_row][vc_row][vc_column][vc_column_text css=&#8221;.vc_custom_1764315879826{margin-bottom: 50px !important;padding-top: 20px !important;padding-right: 20px !important;padding-bottom: 20px !important;padding-left: 20px !important;background-color: #dedede !important;}&#8221; el_id=&#8221;asaja&#8221;]\n<h2>ASAJA BALEARS<\/h2>\n<p>&nbsp;<\/p>\n<p>ASAJA BALEARS ofrece cursos de formaci\u00f3n para el a\u00f1o acad\u00e9mico 2025-2026.<\/p>\n<p>Persona de contacto: Marga Servera.<\/p>\n<p>Tel\u00e9fono de contacto: 647 479 380.<\/p>\n<p>Adressa de correu electr\u00f2nic: <a href=\"mailto:admin@asajabalears.es\">admin@asajabalears.es<\/a><\/p>\n<p>Formulario de inscripci\u00f3n: https:\/\/forms.gle\/W6jShMW5KFxbof98A<\/p>\n<p>Redes sociales: instagram Asaja Balears[\/vc_column_text][\/vc_column][\/vc_row][vc_row][vc_column][vc_column_text css=&#8221;.vc_custom_1764315939054{margin-bottom: 50px !important;padding-top: 20px !important;padding-right: 20px !important;padding-bottom: 20px !important;padding-left: 20px !important;background-color: #dedede !important;}&#8221; el_id=&#8221;apaema&#8221;]\n<h2>APAEMA<\/h2>\n<p>&nbsp;<\/p>\n<p>APAEMA ofrece cursos de formaci\u00f3n para el a\u00f1o acad\u00e9mico 2025-2026.<\/p>\n<p>Persona de contacto: Marga Ramis Oliver.<\/p>\n<p>Tel\u00e9fono de contacto: 971 16 83 26<\/p>\n<p>Direcci\u00f3n de correo electr\u00f3nico: <a href=\"mailto:cursos.apaema@gmail.com\">cursos.apaema@gmail.com<\/a><\/p>\n<p>Web: https:\/\/apaema.net\/formacio\/[\/vc_column_text][\/vc_column][\/vc_row][vc_row][vc_column][vc_column_text css=&#8221;.vc_custom_1764315991103{margin-bottom: 50px !important;padding-top: 20px !important;padding-right: 20px !important;padding-bottom: 20px !important;padding-left: 20px !important;background-color: #dedede !important;}&#8221; el_id=&#8221;varietatslocals&#8221;]\n<h2>ASSOCIACI\u00d3 DE VARIETATS LOCALS<\/h2>\n<p>&nbsp;<\/p>\n<p>La &#8220;Associaci\u00f3 de Varietats Locals&#8221; ofrece cursos de formaci\u00f3n para el a\u00f1o acad\u00e9mico 2025-2026.<\/p>\n<p>Persona de contacto: Bel Mozo Fornari.<\/p>\n<p>Tel\u00e9fono de contacto: 722 782 536.<\/p>\n<p>Direcci\u00f3n de correo electr\u00f3nico: cursos@varietatslocals.org<\/p>\n<p>Web: https:\/\/www.varietatslocals.org\/formacio\/<\/p>\n<p>Instagram y Facebook: @varietatsloalcs[\/vc_column_text][\/vc_column][\/vc_row][vc_row][vc_column][vc_column_text css=&#8221;.vc_custom_1764316153210{margin-bottom: 50px !important;padding-top: 20px !important;padding-right: 20px !important;padding-bottom: 20px !important;padding-left: 20px !important;background-color: #dedede !important;}&#8221; el_id=&#8221;agrame&#8221;]\n<h2>AGRAME<\/h2>\n<p>&nbsp;<\/p>\n<p>AGRAME ofrece cursos de formaci\u00f3n para el a\u00f1o acad\u00e9mico 2025-2026.<\/p>\n<p>Persona de contacto: N\u00faria Pons Comellas<\/p>\n<p>Tel\u00e9fono de contacto: 971 381 550<\/p>\n<p>Direcci\u00f3n de correo electr\u00f3nico: agrame@empresademenorca.org<\/p>\n<p>Web: www.agrame.org<\/p>\n<p>Redes sociales: Instagram, Facebook y X[\/vc_column_text][\/vc_column][\/vc_row][vc_row][vc_column][vc_column_text css=&#8221;.vc_custom_1764591575632{margin-bottom: 50px !important;padding-top: 20px !important;padding-right: 20px !important;padding-bottom: 20px !important;padding-left: 20px !important;background-color: #dedede !important;}&#8221; el_id=&#8221;apaef&#8221;]\n<h2>APAEF<\/h2>\n<p>&nbsp;<\/p>\n<p>APAEF ofrece cursos de formaci\u00f3n para el a\u00f1o acad\u00e9mico 2025-2026.<\/p>\n<p>Persona de contacto: Ali<\/p>\n<p>Tel\u00e9fono de contacto: 699 260 652<\/p>\n<p>Direcci\u00f3n de correo electr\u00f3nico: apaeef@gmail.com<\/p>\n<p>Web: https:\/\/apaeef.org\/<\/p>\n<p>Redes sociales: Instagram APAEEF[\/vc_column_text][\/vc_column][\/vc_row][vc_row][vc_column][vc_column_text css=&#8221;.vc_custom_1764248997892{margin-bottom: 50px !important;padding-top: 20px !important;padding-right: 20px !important;padding-bottom: 20px !important;padding-left: 20px !important;background-color: #dedede !important;}&#8221; el_id=&#8221;ies&#8221;]\n<h2>IES FELANITX<\/h2>\n<p>&nbsp;<\/p>\n<p><a href=\"https:\/\/www.irfap.org\/wp-content\/uploads\/2025\/05\/1200FO-PDF-CFGB_Agrojardineria_i_composicions_florals.pdf\">Ciclo formativo de grado b\u00e1sico en agrojardiner\u00eda y composiciones florales<\/a><\/p>\n<p><a href=\"https:\/\/www.irfap.org\/wp-content\/uploads\/2025\/05\/1200FO-PDF-CFGM_Jardineria_i_floristeria.pdf\">Ciclo formativo de grado medio en jardiner\u00eda y florister\u00eda<\/a><\/p>\n<p><a href=\"https:\/\/www.irfap.org\/wp-content\/uploads\/2025\/05\/1200FO-CGFS_Vitivinicultura.pdf\">Ciclo formativo de grado superior en vitivinicultura<\/a>[\/vc_column_text][\/vc_column][\/vc_row]\n<\/div>","protected":false},"excerpt":{"rendered":"<p>[vc_section css=&#8221;.vc_custom_1729096736219{padding-top: 75px !important;padding-bottom: 75px !important;}&#8221; el_id=&#8221;altres-cursos-formacio&#8221;][vc_row][vc_column][vc_column_text css=&#8221;.vc_custom_1754304730271{margin-bottom: 50px !important;}&#8221;] OTROS CURSOS DE FORMACI\u00d3N [\/vc_column_text][vc_column_text css=&#8221;.vc_custom_1749112304492{margin-bottom: 25px !important;}&#8221;]En esta p\u00e1gina&hellip;<\/p>\n","protected":false},"author":1,"featured_media":0,"parent":0,"menu_order":0,"comment_status":"closed","ping_status":"closed","template":"","meta":{"inline_featured_image":false,"footnotes":""},"class_list":["post-3997","page","type-page","status-publish","hentry","entry","no-media"],"yoast_head":"<!-- This site is optimized with the Yoast SEO plugin v27.0 - https:\/\/yoast.com\/product\/yoast-seo-wordpress\/ -->\n<title>1200FO - Otros cursos de formaci\u00f3n - IRFAP<\/title>\n<meta name=\"robots\" content=\"index, follow, max-snippet:-1, max-image-preview:large, max-video-preview:-1\" \/>\n<link rel=\"canonical\" href=\"https:\/\/www.irfap.org\/es\/fo-otros-cursos-de-formacion\/\" \/>\n<meta property=\"og:locale\" content=\"es_ES\" \/>\n<meta property=\"og:type\" content=\"article\" \/>\n<meta property=\"og:title\" content=\"1200FO - Otros cursos de formaci\u00f3n - IRFAP\" \/>\n<meta property=\"og:description\" content=\"[vc_section css=&#8221;.vc_custom_1729096736219{padding-top: 75px !important;padding-bottom: 75px !important;}&#8221; el_id=&#8221;altres-cursos-formacio&#8221;][vc_row][vc_column][vc_column_text css=&#8221;.vc_custom_1754304730271{margin-bottom: 50px !important;}&#8221;] OTROS CURSOS DE FORMACI\u00d3N [\/vc_column_text][vc_column_text css=&#8221;.vc_custom_1749112304492{margin-bottom: 25px !important;}&#8221;]En esta p\u00e1gina&hellip;\" \/>\n<meta property=\"og:url\" content=\"https:\/\/www.irfap.org\/es\/fo-otros-cursos-de-formacion\/\" \/>\n<meta property=\"og:site_name\" content=\"IRFAP\" \/>\n<meta property=\"article:modified_time\" content=\"2026-01-21T12:01:09+00:00\" \/>\n<meta name=\"twitter:card\" content=\"summary_large_image\" \/>\n<meta name=\"twitter:label1\" content=\"Tiempo de lectura\" \/>\n\t<meta name=\"twitter:data1\" content=\"4 minutes\" \/>\n<script type=\"application\/ld+json\" class=\"yoast-schema-graph\">{\"@context\":\"https:\/\/schema.org\",\"@graph\":[{\"@type\":\"WebPage\",\"@id\":\"https:\/\/www.irfap.org\/es\/fo-otros-cursos-de-formacion\/\",\"url\":\"https:\/\/www.irfap.org\/es\/fo-otros-cursos-de-formacion\/\",\"name\":\"1200FO - Otros cursos de formaci\u00f3n - IRFAP\",\"isPartOf\":{\"@id\":\"https:\/\/www.irfap.org\/#website\"},\"datePublished\":\"2024-04-22T15:10:04+00:00\",\"dateModified\":\"2026-01-21T12:01:09+00:00\",\"breadcrumb\":{\"@id\":\"https:\/\/www.irfap.org\/es\/fo-otros-cursos-de-formacion\/#breadcrumb\"},\"inLanguage\":\"es-ES\",\"potentialAction\":[{\"@type\":\"ReadAction\",\"target\":[\"https:\/\/www.irfap.org\/es\/fo-otros-cursos-de-formacion\/\"]}]},{\"@type\":\"BreadcrumbList\",\"@id\":\"https:\/\/www.irfap.org\/es\/fo-otros-cursos-de-formacion\/#breadcrumb\",\"itemListElement\":[{\"@type\":\"ListItem\",\"position\":1,\"name\":\"Home\",\"item\":\"https:\/\/www.irfap.org\/es\/irfap\/\"},{\"@type\":\"ListItem\",\"position\":2,\"name\":\"1200FO &#8211; Otros cursos de formaci\u00f3n\"}]},{\"@type\":\"WebSite\",\"@id\":\"https:\/\/www.irfap.org\/#website\",\"url\":\"https:\/\/www.irfap.org\/\",\"name\":\"IRFAP\",\"description\":\"\",\"publisher\":{\"@id\":\"https:\/\/www.irfap.org\/#organization\"},\"potentialAction\":[{\"@type\":\"SearchAction\",\"target\":{\"@type\":\"EntryPoint\",\"urlTemplate\":\"https:\/\/www.irfap.org\/?s={search_term_string}\"},\"query-input\":{\"@type\":\"PropertyValueSpecification\",\"valueRequired\":true,\"valueName\":\"search_term_string\"}}],\"inLanguage\":\"es-ES\"},{\"@type\":\"Organization\",\"@id\":\"https:\/\/www.irfap.org\/#organization\",\"name\":\"IRFAP\",\"url\":\"https:\/\/www.irfap.org\/\",\"logo\":{\"@type\":\"ImageObject\",\"inLanguage\":\"es-ES\",\"@id\":\"https:\/\/www.irfap.org\/#\/schema\/logo\/image\/\",\"url\":\"https:\/\/www.irfap.org\/wp-content\/uploads\/2024\/10\/irfap-icon.png\",\"contentUrl\":\"https:\/\/www.irfap.org\/wp-content\/uploads\/2024\/10\/irfap-icon.png\",\"width\":512,\"height\":512,\"caption\":\"IRFAP\"},\"image\":{\"@id\":\"https:\/\/www.irfap.org\/#\/schema\/logo\/image\/\"}}]}<\/script>\n<!-- \/ Yoast SEO plugin. -->","yoast_head_json":{"title":"1200FO - Otros cursos de formaci\u00f3n - IRFAP","robots":{"index":"index","follow":"follow","max-snippet":"max-snippet:-1","max-image-preview":"max-image-preview:large","max-video-preview":"max-video-preview:-1"},"canonical":"https:\/\/www.irfap.org\/es\/fo-otros-cursos-de-formacion\/","og_locale":"es_ES","og_type":"article","og_title":"1200FO - Otros cursos de formaci\u00f3n - IRFAP","og_description":"[vc_section css=&#8221;.vc_custom_1729096736219{padding-top: 75px !important;padding-bottom: 75px !important;}&#8221; el_id=&#8221;altres-cursos-formacio&#8221;][vc_row][vc_column][vc_column_text css=&#8221;.vc_custom_1754304730271{margin-bottom: 50px !important;}&#8221;] OTROS CURSOS DE FORMACI\u00d3N [\/vc_column_text][vc_column_text css=&#8221;.vc_custom_1749112304492{margin-bottom: 25px !important;}&#8221;]En esta p\u00e1gina&hellip;","og_url":"https:\/\/www.irfap.org\/es\/fo-otros-cursos-de-formacion\/","og_site_name":"IRFAP","article_modified_time":"2026-01-21T12:01:09+00:00","twitter_card":"summary_large_image","twitter_misc":{"Tiempo de lectura":"4 minutes"},"schema":{"@context":"https:\/\/schema.org","@graph":[{"@type":"WebPage","@id":"https:\/\/www.irfap.org\/es\/fo-otros-cursos-de-formacion\/","url":"https:\/\/www.irfap.org\/es\/fo-otros-cursos-de-formacion\/","name":"1200FO - Otros cursos de formaci\u00f3n - IRFAP","isPartOf":{"@id":"https:\/\/www.irfap.org\/#website"},"datePublished":"2024-04-22T15:10:04+00:00","dateModified":"2026-01-21T12:01:09+00:00","breadcrumb":{"@id":"https:\/\/www.irfap.org\/es\/fo-otros-cursos-de-formacion\/#breadcrumb"},"inLanguage":"es-ES","potentialAction":[{"@type":"ReadAction","target":["https:\/\/www.irfap.org\/es\/fo-otros-cursos-de-formacion\/"]}]},{"@type":"BreadcrumbList","@id":"https:\/\/www.irfap.org\/es\/fo-otros-cursos-de-formacion\/#breadcrumb","itemListElement":[{"@type":"ListItem","position":1,"name":"Home","item":"https:\/\/www.irfap.org\/es\/irfap\/"},{"@type":"ListItem","position":2,"name":"1200FO &#8211; Otros cursos de formaci\u00f3n"}]},{"@type":"WebSite","@id":"https:\/\/www.irfap.org\/#website","url":"https:\/\/www.irfap.org\/","name":"IRFAP","description":"","publisher":{"@id":"https:\/\/www.irfap.org\/#organization"},"potentialAction":[{"@type":"SearchAction","target":{"@type":"EntryPoint","urlTemplate":"https:\/\/www.irfap.org\/?s={search_term_string}"},"query-input":{"@type":"PropertyValueSpecification","valueRequired":true,"valueName":"search_term_string"}}],"inLanguage":"es-ES"},{"@type":"Organization","@id":"https:\/\/www.irfap.org\/#organization","name":"IRFAP","url":"https:\/\/www.irfap.org\/","logo":{"@type":"ImageObject","inLanguage":"es-ES","@id":"https:\/\/www.irfap.org\/#\/schema\/logo\/image\/","url":"https:\/\/www.irfap.org\/wp-content\/uploads\/2024\/10\/irfap-icon.png","contentUrl":"https:\/\/www.irfap.org\/wp-content\/uploads\/2024\/10\/irfap-icon.png","width":512,"height":512,"caption":"IRFAP"},"image":{"@id":"https:\/\/www.irfap.org\/#\/schema\/logo\/image\/"}}]}},"_links":{"self":[{"href":"https:\/\/www.irfap.org\/es\/wp-json\/wp\/v2\/pages\/3997","targetHints":{"allow":["GET"]}}],"collection":[{"href":"https:\/\/www.irfap.org\/es\/wp-json\/wp\/v2\/pages"}],"about":[{"href":"https:\/\/www.irfap.org\/es\/wp-json\/wp\/v2\/types\/page"}],"author":[{"embeddable":true,"href":"https:\/\/www.irfap.org\/es\/wp-json\/wp\/v2\/users\/1"}],"replies":[{"embeddable":true,"href":"https:\/\/www.irfap.org\/es\/wp-json\/wp\/v2\/comments?post=3997"}],"version-history":[{"count":19,"href":"https:\/\/www.irfap.org\/es\/wp-json\/wp\/v2\/pages\/3997\/revisions"}],"predecessor-version":[{"id":8798,"href":"https:\/\/www.irfap.org\/es\/wp-json\/wp\/v2\/pages\/3997\/revisions\/8798"}],"wp:attachment":[{"href":"https:\/\/www.irfap.org\/es\/wp-json\/wp\/v2\/media?parent=3997"}],"curies":[{"name":"wp","href":"https:\/\/api.w.org\/{rel}","templated":true}]}}