{"id":4375,"date":"2024-10-16T18:57:18","date_gmt":"2024-10-16T16:57:18","guid":{"rendered":"https:\/\/www.irfap.org\/2120re-ea-algarrobo\/"},"modified":"2026-03-09T09:38:56","modified_gmt":"2026-03-09T08:38:56","slug":"2120re-ea-algarrobo","status":"publish","type":"page","link":"https:\/\/www.irfap.org\/es\/2120re-ea-algarrobo\/","title":{"rendered":"2120RE &#8211; EA Algarrobo"},"content":{"rendered":"<div class=\"wpb-content-wrapper\">[vc_section css=&#8221;.vc_custom_1729097848633{padding-top: 75px !important;padding-bottom: 75px !important;}&#8221; el_id=&#8221;garrover&#8221;][vc_row][vc_column]<figure class=\"vcex-image vcex-module\"><div class=\"vcex-image-inner wpex-relative wpex-inline-block vc_custom_1771316310344\"><img width=\"1688\" height=\"341\" src=\"https:\/\/www.irfap.org\/wp-content\/uploads\/2025\/08\/2120RE-IMG-Capcalera3.jpg\" class=\"vcex-image-img wpex-align-middle\" alt=\"\" loading=\"lazy\" decoding=\"async\" srcset=\"https:\/\/www.irfap.org\/wp-content\/uploads\/2025\/08\/2120RE-IMG-Capcalera3.jpg 1688w, https:\/\/www.irfap.org\/wp-content\/uploads\/2025\/08\/2120RE-IMG-Capcalera3-300x61.jpg 300w, https:\/\/www.irfap.org\/wp-content\/uploads\/2025\/08\/2120RE-IMG-Capcalera3-1024x207.jpg 1024w, https:\/\/www.irfap.org\/wp-content\/uploads\/2025\/08\/2120RE-IMG-Capcalera3-768x155.jpg 768w, https:\/\/www.irfap.org\/wp-content\/uploads\/2025\/08\/2120RE-IMG-Capcalera3-1536x310.jpg 1536w\" sizes=\"auto, (max-width: 1688px) 100vw, 1688px\" \/><\/div><\/figure>[vc_column_text css=&#8221;.vc_custom_1771316316659{margin-top: 50px !important;margin-bottom: 50px !important;}&#8221;]\n<h1>EL CULTIVO DEL ALGARROBO<\/h1>\n[\/vc_column_text][vc_column_text css=&#8221;.vc_custom_1772611589692{margin-bottom: 25px !important;}&#8221;]El algarrobo (<em>Ceratonia siliqua<\/em> L.) es una especie vegetal que pertenece a la familia de las leguminosas y que se distribuye por toda la cuenca mediterr\u00e1nea. Es considerado un cultivo tradicional de Mallorca y Eivissa y referencias hist\u00f3ricas constatan su importancia en Illes Balears.<\/p>\n<p>Actualmente, el cultivo del algarrobo en Illes Balears ocupa un total de 12.181 hect\u00e1reas (IRFAP, 2024), mayoritariamente de plantaciones en secano asociadas con otros cultivos mediterr\u00e1neos como el almendro o el olivar.<\/p>\n<p>El IRFAP lleva a cabo varias experiencias de las que este cultivo es el protagonista. A continuaci\u00f3n, pod\u00e9is acceder a las memorias t\u00e9cnicas y informes de resultados de cada experiencia:[\/vc_column_text][vc_tta_accordion active_section=&#8221;1&#8243;][vc_tta_section title=&#8221;Evaluaci\u00f3n del comportamiento agron\u00f3mico de las variedades de algarrobo en secano&#8221; tab_id=&#8221;1735906772300-a9181898-9fab&#8221;][vc_column_text css=&#8221;&#8221;]Desde el a\u00f1o 2014, el IRFAP colabora con la empresa Productos Mart\u00edn, S.A, en una plantaci\u00f3n de cultivares locales de algarrobo establecida el mismo a\u00f1o, con el objetivo de evaluar el comportamiento agron\u00f3mico del cultivo en secano, dentro de un sistema de producci\u00f3n ecol\u00f3gica, y generar conocimiento transferible al sector.<\/p>\n<p>Palabras clave: <br \/>Des de l\u2019any 2014, l\u2019IRFAP col\u00b7labora amb l\u2019empresa Productos Martin, SA en una plantaci\u00f3 de cultivars locals de garrover establerta aquell mateix any, amb l\u2019objectiu d\u2019avaluar el comportament agron\u00f2mic del cultiu <strong>en sec\u00e0<\/strong>, dins un sistema de producci\u00f3 ecol\u00f2gica i generar coneixement transferible al sector.<\/p>\n<p>Palabras clave: <em>Algarrobo, sequ\u00eda, producci\u00f3n ecol\u00f3gica, comportamiento agron\u00f3mico, rendimiento.<\/em><\/p>\n<p>Lee m\u00e1s sobre esta experiencia <a href=\"https:\/\/www.irfap.org\/es\/2121re-ea-algarrobo_08-2014\/\">aqu\u00ed<\/a>.[\/vc_column_text][\/vc_tta_section][vc_tta_section title=&#8221;Viabilidad del uso de aguas regeneradas para el riego del cultivo del algarrobo&#8221; tab_id=&#8221;1735906772312-9b4e5adc-c55f&#8221;][vc_column_text css=&#8221;&#8221;]El objeto de esta experiencia es estudiar el efecto del agua regenerada sobre el comportamiento agron\u00f3mico, analizar su viabilidad en campos de cultivo y evaluar la calidad del fruto en un modelo de explotaci\u00f3n intensivo, de los cultivares m\u00e1s productivos de algarrobo durante 5 campa\u00f1as para difundir los resultados al sector.<\/p>\n<p>Paraules clau: <em>Algarrobo, riego aguas regeneradas, comportamiento agron\u00f3mico, calidad del agua, calidad del fruto, contaminantes en fruto.<\/em><br \/>\n<br \/>Lee m\u00e1s sobre esta experiencia <a href=\"https:\/\/www.irfap.org\/es\/2122re-ea-algarrobo_11-2017\/\">aqu\u00ed<\/a>.[\/vc_column_text][\/vc_tta_section][vc_tta_section title=&#8221;An\u00e1lisis cualitativo de la pulpa de la algarroba y de la goma de garrof\u00edn de diferentes variedades de algarroba&#8221; tab_id=&#8221;1736502828504-42503115-e29e&#8221;][vc_column_text css=&#8221;&#8221;]Esta experiencia tiene por objeto la caracterizac\u00f3n fisicoqu\u00edmica, antioxidante y tecnol\u00f3gica de la algarroba de veintitr\u00e9s cultivares de <em>Ceratonia siliqua<\/em> L. del banco de germoplasma de Son Real (Santa Margalida, Mallorca) durante la campa\u00f1a de 2022. <\/p>\n<p>Palabras clave: <em>algarrobo, efecto varietal, calidad de la goma de garrof\u00edn, calidad de la pulpa de la algarroba, rendimiento en garrof\u00edn, propiedades funcionales.<\/em><\/p>\n<p>Leer m\u00e1s sobre esta experiencia <a href=\"https:\/\/www.irfap.org\/es\/2123re-ea-algarrobo_18-2017\/\">aqu\u00ed<\/a>.<\/p>\n<div class=\"notranslate\" style=\"all: initial;\"><\/div>\n[\/vc_column_text][\/vc_tta_section][vc_tta_section title=&#8221;Evaluaci\u00f3n de la respuesta fisiol\u00f3gica de diferentes variedades de algarrobo en condiciones de estr\u00e9s h\u00eddrico en Mallorca&#8221; tab_id=&#8221;1736502841182-53a4aaa3-103e&#8221;][vc_column_text css=&#8221;&#8221;]El objetivo de esta experiencia es evaluar la respuesta fisiol\u00f3gica de diferentes cultivares de algarrobo en condiciones de estr\u00e9s h\u00eddrico en Mallorca, con la finalidad de obtener datos fiables de 3 campa\u00f1as y poder difundir los resultados al sector.<br \/>\nPalabras clave: <em>Algarrobo, efecto varietal, estr\u00e9s h\u00eddrico, indicadores de estr\u00e9s h\u00eddrico, calidad de la algarroba en condiciones de estr\u00e9s.<\/em><\/p>\n<p>Lee m\u00e1s sobre esta experiencia <a href=\"https:\/\/www.irfap.org\/es\/2124re-ea-algarrobo_23-2024\/\">aqu\u00ed<\/a>.[\/vc_column_text][\/vc_tta_section][vc_tta_section title=&#8221;Estudio de la fenolog\u00eda de floraci\u00f3n del algarrobo. Evaluaci\u00f3n de la capacidad de autofecundaci\u00f3n de cultivares hermafroditas &#8221; tab_id=&#8221;1736502872008-06d3a8bf-d619&#8243;][vc_column_text css=&#8221;&#8221;]La investigaci\u00f3n de este ensayo se centra en evaluar la fenolog\u00eda de floraci\u00f3n en un modelo de explotaci\u00f3n convencional de diferentes cultivares de algarrobo, con la finalidad de obtener datos fiables de 3 campa\u00f1as y poder difundir los resultados al sector.<\/p>\n<p>Por este motivo, se llevan a cabo tareas de descripci\u00f3n y comparaci\u00f3n de la fenolog\u00eda de diferentes variedades de algarrobo en las fincas de Son Real (Santa Margalida), Consell (Consell) y Son Mulet (Llucmajor). Adicionalmente, se realiza un estudio de la capacidad de autofecundaci\u00f3n de cultivares hermafroditas en la finca de &#8220;Sa Granja&#8221;, en Palma. <\/p>\n<p>Palabras clave: <em>algarrobo, fenolog\u00eda, floraci\u00f3n, polinizaci\u00f3n, hermafrodita, autofecundaci\u00f3n.<\/em><\/p>\n<p>Leer m\u00e1s sobre esta experiencia <a href=\"https:\/\/www.irfap.org\/es\/2125re-ea-algarrobo_24-2024\/\">aqu\u00ed<\/a>.[\/vc_column_text][\/vc_tta_section][vc_tta_section title=&#8221;Caracterizaci\u00f3n de las variedades de algarrobo de Illes Balears: an\u00e1lisis de sinonimias y homonimias&#8221; tab_id=&#8221;1736502898072-8432c34d-55c5&#8243;][vc_column_text css=&#8221;&#8221;]Dentro de esta experiencia, se tiene por objeto caracterizar y describir los cultivares locales de algarrobo con la finalidad de obtener datos fiables de estos y proporcionar los resultados al sector.<\/p>\n<p>Por este motivo, a partir de la plantaci\u00f3n de algarrobos de Son Real, que incluye 52 variedades, se han realizado diferentes tareas como tratar de establecer un listado comprensivo de las variedades de algarrobo conocidas en Mallorca e Ibiza, mediante la identificaci\u00f3n gen\u00e9tica de las variedades para esclarecer sinonimias y homonimias. De estas variedades, tambi\u00e9n se ha estudiado el h\u00e1bito de crecimiento, el vigor y la caracterizaci\u00f3n morfol\u00f3gica de la planta, la hoja, los frutos y la semilla, adem\u00e1s de par\u00e1metros de producci\u00f3n, comportamiento agron\u00f3mico y rendimientos en garrof\u00edn.<\/p>\n<p>Palabras clave: <em>algarrobo, sinonimias, caracterizaci\u00f3n, identificaci\u00f3n gen\u00e9tica, variedades locales, caracterizaci\u00f3n, rendimiento garrof\u00edn, morfolog\u00eda..<\/em><\/p>\n<p>Leer m\u00e1s sobre esta experiencia <a href=\"https:\/\/www.irfap.org\/es\/2126re-ea-algarrobo_25-2024\/\">aqu\u00ed<\/a>.[\/vc_column_text][\/vc_tta_section][\/vc_tta_accordion][\/vc_column][\/vc_row][\/vc_section]\n<\/div>","protected":false},"excerpt":{"rendered":"<p>[vc_section css=&#8221;.vc_custom_1729097848633{padding-top: 75px !important;padding-bottom: 75px !important;}&#8221; el_id=&#8221;garrover&#8221;][vc_row][vc_column][vc_column_text css=&#8221;.vc_custom_1771316316659{margin-top: 50px !important;margin-bottom: 50px !important;}&#8221;] EL CULTIVO DEL ALGARROBO [\/vc_column_text][vc_column_text css=&#8221;.vc_custom_1772611589692{margin-bottom: 25px !important;}&#8221;]El&hellip;<\/p>\n","protected":false},"author":1,"featured_media":0,"parent":0,"menu_order":0,"comment_status":"closed","ping_status":"closed","template":"","meta":{"inline_featured_image":false,"footnotes":""},"class_list":["post-4375","page","type-page","status-publish","hentry","entry","no-media"],"yoast_head":"<!-- This site is optimized with the Yoast SEO plugin v27.0 - https:\/\/yoast.com\/product\/yoast-seo-wordpress\/ -->\n<title>2120RE - EA Algarrobo - IRFAP<\/title>\n<meta name=\"robots\" content=\"index, follow, max-snippet:-1, max-image-preview:large, max-video-preview:-1\" \/>\n<link rel=\"canonical\" href=\"https:\/\/www.irfap.org\/es\/2120re-ea-algarrobo\/\" \/>\n<meta property=\"og:locale\" content=\"es_ES\" \/>\n<meta property=\"og:type\" content=\"article\" \/>\n<meta property=\"og:title\" content=\"2120RE - EA Algarrobo - IRFAP\" \/>\n<meta property=\"og:description\" content=\"[vc_section css=&#8221;.vc_custom_1729097848633{padding-top: 75px !important;padding-bottom: 75px !important;}&#8221; el_id=&#8221;garrover&#8221;][vc_row][vc_column][vc_column_text css=&#8221;.vc_custom_1771316316659{margin-top: 50px !important;margin-bottom: 50px !important;}&#8221;] EL CULTIVO DEL ALGARROBO [\/vc_column_text][vc_column_text css=&#8221;.vc_custom_1772611589692{margin-bottom: 25px !important;}&#8221;]El&hellip;\" \/>\n<meta property=\"og:url\" content=\"https:\/\/www.irfap.org\/es\/2120re-ea-algarrobo\/\" \/>\n<meta property=\"og:site_name\" content=\"IRFAP\" \/>\n<meta property=\"article:modified_time\" content=\"2026-03-09T08:38:56+00:00\" \/>\n<meta name=\"twitter:card\" content=\"summary_large_image\" \/>\n<meta name=\"twitter:label1\" content=\"Tiempo de lectura\" \/>\n\t<meta name=\"twitter:data1\" content=\"5 minutes\" \/>\n<script type=\"application\/ld+json\" class=\"yoast-schema-graph\">{\"@context\":\"https:\/\/schema.org\",\"@graph\":[{\"@type\":\"WebPage\",\"@id\":\"https:\/\/www.irfap.org\/es\/2120re-ea-algarrobo\/\",\"url\":\"https:\/\/www.irfap.org\/es\/2120re-ea-algarrobo\/\",\"name\":\"2120RE - EA Algarrobo - IRFAP\",\"isPartOf\":{\"@id\":\"https:\/\/www.irfap.org\/#website\"},\"datePublished\":\"2024-10-16T16:57:18+00:00\",\"dateModified\":\"2026-03-09T08:38:56+00:00\",\"breadcrumb\":{\"@id\":\"https:\/\/www.irfap.org\/es\/2120re-ea-algarrobo\/#breadcrumb\"},\"inLanguage\":\"es-ES\",\"potentialAction\":[{\"@type\":\"ReadAction\",\"target\":[\"https:\/\/www.irfap.org\/es\/2120re-ea-algarrobo\/\"]}]},{\"@type\":\"BreadcrumbList\",\"@id\":\"https:\/\/www.irfap.org\/es\/2120re-ea-algarrobo\/#breadcrumb\",\"itemListElement\":[{\"@type\":\"ListItem\",\"position\":1,\"name\":\"Home\",\"item\":\"https:\/\/www.irfap.org\/es\/irfap\/\"},{\"@type\":\"ListItem\",\"position\":2,\"name\":\"2120RE &#8211; EA Algarrobo\"}]},{\"@type\":\"WebSite\",\"@id\":\"https:\/\/www.irfap.org\/#website\",\"url\":\"https:\/\/www.irfap.org\/\",\"name\":\"IRFAP\",\"description\":\"\",\"publisher\":{\"@id\":\"https:\/\/www.irfap.org\/#organization\"},\"potentialAction\":[{\"@type\":\"SearchAction\",\"target\":{\"@type\":\"EntryPoint\",\"urlTemplate\":\"https:\/\/www.irfap.org\/?s={search_term_string}\"},\"query-input\":{\"@type\":\"PropertyValueSpecification\",\"valueRequired\":true,\"valueName\":\"search_term_string\"}}],\"inLanguage\":\"es-ES\"},{\"@type\":\"Organization\",\"@id\":\"https:\/\/www.irfap.org\/#organization\",\"name\":\"IRFAP\",\"url\":\"https:\/\/www.irfap.org\/\",\"logo\":{\"@type\":\"ImageObject\",\"inLanguage\":\"es-ES\",\"@id\":\"https:\/\/www.irfap.org\/#\/schema\/logo\/image\/\",\"url\":\"https:\/\/www.irfap.org\/wp-content\/uploads\/2024\/10\/irfap-icon.png\",\"contentUrl\":\"https:\/\/www.irfap.org\/wp-content\/uploads\/2024\/10\/irfap-icon.png\",\"width\":512,\"height\":512,\"caption\":\"IRFAP\"},\"image\":{\"@id\":\"https:\/\/www.irfap.org\/#\/schema\/logo\/image\/\"}}]}<\/script>\n<!-- \/ Yoast SEO plugin. -->","yoast_head_json":{"title":"2120RE - EA Algarrobo - IRFAP","robots":{"index":"index","follow":"follow","max-snippet":"max-snippet:-1","max-image-preview":"max-image-preview:large","max-video-preview":"max-video-preview:-1"},"canonical":"https:\/\/www.irfap.org\/es\/2120re-ea-algarrobo\/","og_locale":"es_ES","og_type":"article","og_title":"2120RE - EA Algarrobo - IRFAP","og_description":"[vc_section css=&#8221;.vc_custom_1729097848633{padding-top: 75px !important;padding-bottom: 75px !important;}&#8221; el_id=&#8221;garrover&#8221;][vc_row][vc_column][vc_column_text css=&#8221;.vc_custom_1771316316659{margin-top: 50px !important;margin-bottom: 50px !important;}&#8221;] EL CULTIVO DEL ALGARROBO [\/vc_column_text][vc_column_text css=&#8221;.vc_custom_1772611589692{margin-bottom: 25px !important;}&#8221;]El&hellip;","og_url":"https:\/\/www.irfap.org\/es\/2120re-ea-algarrobo\/","og_site_name":"IRFAP","article_modified_time":"2026-03-09T08:38:56+00:00","twitter_card":"summary_large_image","twitter_misc":{"Tiempo de lectura":"5 minutes"},"schema":{"@context":"https:\/\/schema.org","@graph":[{"@type":"WebPage","@id":"https:\/\/www.irfap.org\/es\/2120re-ea-algarrobo\/","url":"https:\/\/www.irfap.org\/es\/2120re-ea-algarrobo\/","name":"2120RE - EA Algarrobo - IRFAP","isPartOf":{"@id":"https:\/\/www.irfap.org\/#website"},"datePublished":"2024-10-16T16:57:18+00:00","dateModified":"2026-03-09T08:38:56+00:00","breadcrumb":{"@id":"https:\/\/www.irfap.org\/es\/2120re-ea-algarrobo\/#breadcrumb"},"inLanguage":"es-ES","potentialAction":[{"@type":"ReadAction","target":["https:\/\/www.irfap.org\/es\/2120re-ea-algarrobo\/"]}]},{"@type":"BreadcrumbList","@id":"https:\/\/www.irfap.org\/es\/2120re-ea-algarrobo\/#breadcrumb","itemListElement":[{"@type":"ListItem","position":1,"name":"Home","item":"https:\/\/www.irfap.org\/es\/irfap\/"},{"@type":"ListItem","position":2,"name":"2120RE &#8211; EA Algarrobo"}]},{"@type":"WebSite","@id":"https:\/\/www.irfap.org\/#website","url":"https:\/\/www.irfap.org\/","name":"IRFAP","description":"","publisher":{"@id":"https:\/\/www.irfap.org\/#organization"},"potentialAction":[{"@type":"SearchAction","target":{"@type":"EntryPoint","urlTemplate":"https:\/\/www.irfap.org\/?s={search_term_string}"},"query-input":{"@type":"PropertyValueSpecification","valueRequired":true,"valueName":"search_term_string"}}],"inLanguage":"es-ES"},{"@type":"Organization","@id":"https:\/\/www.irfap.org\/#organization","name":"IRFAP","url":"https:\/\/www.irfap.org\/","logo":{"@type":"ImageObject","inLanguage":"es-ES","@id":"https:\/\/www.irfap.org\/#\/schema\/logo\/image\/","url":"https:\/\/www.irfap.org\/wp-content\/uploads\/2024\/10\/irfap-icon.png","contentUrl":"https:\/\/www.irfap.org\/wp-content\/uploads\/2024\/10\/irfap-icon.png","width":512,"height":512,"caption":"IRFAP"},"image":{"@id":"https:\/\/www.irfap.org\/#\/schema\/logo\/image\/"}}]}},"_links":{"self":[{"href":"https:\/\/www.irfap.org\/es\/wp-json\/wp\/v2\/pages\/4375","targetHints":{"allow":["GET"]}}],"collection":[{"href":"https:\/\/www.irfap.org\/es\/wp-json\/wp\/v2\/pages"}],"about":[{"href":"https:\/\/www.irfap.org\/es\/wp-json\/wp\/v2\/types\/page"}],"author":[{"embeddable":true,"href":"https:\/\/www.irfap.org\/es\/wp-json\/wp\/v2\/users\/1"}],"replies":[{"embeddable":true,"href":"https:\/\/www.irfap.org\/es\/wp-json\/wp\/v2\/comments?post=4375"}],"version-history":[{"count":27,"href":"https:\/\/www.irfap.org\/es\/wp-json\/wp\/v2\/pages\/4375\/revisions"}],"predecessor-version":[{"id":17099,"href":"https:\/\/www.irfap.org\/es\/wp-json\/wp\/v2\/pages\/4375\/revisions\/17099"}],"wp:attachment":[{"href":"https:\/\/www.irfap.org\/es\/wp-json\/wp\/v2\/media?parent=4375"}],"curies":[{"name":"wp","href":"https:\/\/api.w.org\/{rel}","templated":true}]}}